{"id":2553,"date":"2020-02-28T18:17:35","date_gmt":"2020-02-28T18:17:35","guid":{"rendered":"https:\/\/tapeeno.com\/politica-de-galleta\/"},"modified":"2025-06-17T10:57:09","modified_gmt":"2025-06-17T09:57:09","slug":"politica-de-galleta","status":"publish","type":"page","link":"https:\/\/tapeeno.com\/es\/politica-de-galleta\/","title":{"rendered":"Pol\u00edtica de galleta"},"content":{"rendered":"[vc_row type=&#8221;full_width_background&#8221; full_screen_row_position=&#8221;middle&#8221; column_margin=&#8221;default&#8221; bg_image=&#8221;369&#8243; bg_position=&#8221;center center&#8221; bg_repeat=&#8221;no-repeat&#8221; scene_position=&#8221;center&#8221; text_color=&#8221;light&#8221; text_align=&#8221;left&#8221; top_padding=&#8221;125&#8243; bottom_padding=&#8221;125&#8243; id=&#8221;page-header-curved&#8221; color_overlay=&#8221;#000000&#8243; overlay_strength=&#8221;0.3&#8243; shape_divider_position=&#8221;bottom&#8221; bg_image_animation=&#8221;none&#8221; shape_type=&#8221;waves_opacity_alt&#8221;][vc_column column_padding=&#8221;no-extra-padding&#8221; column_padding_position=&#8221;all&#8221; background_color_opacity=&#8221;1&#8243; background_hover_color_opacity=&#8221;1&#8243; column_link_target=&#8221;_self&#8221; column_shadow=&#8221;none&#8221; column_border_radius=&#8221;none&#8221; width=&#8221;1\/1&#8243; tablet_width_inherit=&#8221;default&#8221; tablet_text_alignment=&#8221;default&#8221; phone_text_alignment=&#8221;default&#8221; overlay_strength=&#8221;0.3&#8243; column_border_width=&#8221;none&#8221; column_border_style=&#8221;solid&#8221; bg_image_animation=&#8221;none&#8221;][\/vc_column][\/vc_row][vc_row type=&#8221;full_width_background&#8221; full_screen_row_position=&#8221;middle&#8221; column_margin=&#8221;default&#8221; bg_color=&#8221;#ffffff&#8221; scene_position=&#8221;center&#8221; text_color=&#8221;dark&#8221; text_align=&#8221;left&#8221; top_padding=&#8221;50&#8243; bottom_padding=&#8221;50&#8243; id=&#8221;page-intro&#8221; overlay_strength=&#8221;0.3&#8243; shape_divider_position=&#8221;bottom&#8221; bg_image_animation=&#8221;none&#8221; shape_type=&#8221;&#8221;][vc_column column_padding=&#8221;no-extra-padding&#8221; column_padding_position=&#8221;all&#8221; background_color_opacity=&#8221;1&#8243; background_hover_color_opacity=&#8221;1&#8243; column_link_target=&#8221;_self&#8221; column_shadow=&#8221;none&#8221; column_border_radius=&#8221;none&#8221; width=&#8221;2\/3&#8243; tablet_width_inherit=&#8221;default&#8221; tablet_text_alignment=&#8221;default&#8221; phone_text_alignment=&#8221;default&#8221; overlay_strength=&#8221;0.3&#8243; column_border_width=&#8221;none&#8221; column_border_style=&#8221;solid&#8221; bg_image_animation=&#8221;none&#8221;][vc_column_text css_animation=&#8221;none&#8221;]\n<h1><strong><span style=\"color: #ec3f59;\">POL\u00cdTICA DE GALLETA<\/span><\/strong><\/h1>\n<p>&nbsp;<\/p>\n<p>\u00daltima actualizaci\u00f3n: Diciembre 2021<\/p>\n<p>Faster Processing Limited respeta su privacidad.<\/p>\n<p>Aqu\u00ed est\u00e1 todo lo que necesita saber sobre la informaci\u00f3n que recogemos y c\u00f3mo la almacenamos y procesamos.<\/p>\n<p><a href=\"https:\/\/tapeeno.com\/es\/contacta-con-nosotros\/\">P\u00f3ngase en contacto con nosotros<\/a> si tiene preguntas sobre esta pol\u00edtica.<\/p>\n<p><strong>Nuestro sitio web, como la mayor\u00eda de los sitios web, utiliza galletas para ayudar a proporcionarle la mejor experiencia de usuario posible.<\/strong><\/p>\n<p>Cuando usted solicita una de nuestras p\u00e1ginas web a trav\u00e9s de su navegador, datos como<\/p>\n<ul>\n<li>su direcci\u00f3n IP<\/li>\n<li>su navegador y la versi\u00f3n que est\u00e1 utilizando<\/li>\n<li>su sistema operativo<\/li>\n<li>la fecha y la hora y el sitio del que procede<\/li>\n<\/ul>\n<p>&#8230;se almacenan en un archivo de registro y\/o en una base de datos.<\/p>\n<p>Pero no se preocupe: esta informaci\u00f3n no puede utilizarse para identificar a personas concretas, y s\u00f3lo la utilizamos para:<\/p>\n<ul>\n<li>gestionar y mantener nuestro sitio web<\/li>\n<li>investigaci\u00f3n y desarrollo de nuestros productos y servicios<\/li>\n<li>an\u00e1lisis de usuarios an\u00f3nimos, para que podamos ver c\u00f3mo se utiliza nuestro sitio.<\/li>\n<\/ul>\n<h3>\u00bfQu\u00e9 son las galletas?<\/h3>\n<p>Una galleta es un peque\u00f1o archivo de letras y n\u00fameros que se descarga en su ordenador o tableta\/tel\u00e9fono inteligente cuando visita un sitio web. La mayor\u00eda de los sitios web utilizan galletas que pueden hacer varias cosas, como recordar sus preferencias, registrar lo que ha puesto en su cesta de la compra y contar el n\u00famero de personas que visitan un sitio web.<\/p>\n<p>La mayor\u00eda de las galletas est\u00e1n dise\u00f1adas para garantizar que todas las funciones del sitio web funcionen correctamente o para proporcionar al propietario del sitio web informaci\u00f3n an\u00f3nima sobre el uso que usted hace de su sitio para poder mejorar la experiencia del usuario. Estas galletas se conocen como galletas de primera parte.<\/p>\n<p>Las galletas de terceros suelen estar relacionadas con la publicidad. Los anunciantes suelen utilizar este tipo de galletas para ver qu\u00e9 sitios web ha visitado y as\u00ed mostrarle anuncios dirigidos que sean m\u00e1s relevantes para usted.<\/p>\n<p>Las normas sobre galletas est\u00e1n contempladas en el <a title=\"Normativa sobre privacidad y comunicaciones electr\u00f3nicas\" href=\"https:\/\/ico.org.uk\/for-organisations\/guide-to-pecr\/\" target=\"_blank\" rel=\"noopener noreferrer\">Reglamento de Privacidad y Comunicaciones Electr\u00f3nicas<\/a>. El Reglamento tambi\u00e9n cubre tecnolog\u00edas similares de almacenamiento de informaci\u00f3n, como las galletas de Flash. La normativa fue revisada en 2011, y el <abbr title=\"Oficina del Comisario de Informaci\u00f3n\">ICO<\/abbr> es responsable de hacer cumplir estas nuevas reglas.<\/p>\n<h3>C\u00f3mo utilizamos las galletas<\/h3>\n<p><strong>Google Analytics<\/strong><\/p>\n<p>Estas galletas se utilizan para recopilar informaci\u00f3n sobre c\u00f3mo los visitantes utilizan nuestro sitio web. Utilizamos galletas de <a title=\"Google Analytics\" href=\"http:\/\/www.google.com\/analytics\/\" target=\"_blank\" rel=\"noopener noreferrer\">Google Analytics<\/a> para identificar qu\u00e9 p\u00e1ginas se utilizan, c\u00f3mo se utilizan y qu\u00e9 m\u00e9todos se utilizan para verlas. Esto nos ayuda a analizar los datos sobre el tr\u00e1fico del sitio web y a mejorar nuestro sitio web para adaptarlo a las necesidades de los clientes. S\u00f3lo utilizamos esta informaci\u00f3n con fines de an\u00e1lisis estad\u00edstico y <strong>no<\/strong> incluye ninguna informaci\u00f3n personal identificable.<\/p>\n<p>Lo que <strong>no<\/strong> hacemos:<\/p>\n<ul>\n<li>Recordar o almacenar cualquier informaci\u00f3n personal identificable<\/li>\n<li>Enviar informaci\u00f3n a otros sitios web<\/li>\n<li>Registrar su visita para que la publicidad en otros sitios web sea m\u00e1s relevante para usted.<\/li>\n<\/ul>\n<p>Para m\u00e1s informaci\u00f3n sobre Google Analytics y la privacidad de sus datos, visite: <a href=\"http:\/\/www.google.com\/intl\/en\/policies\/privacy\/\" target=\"_blank\" rel=\"noopener noreferrer\">http:\/\/www.google.com\/intl\/en\/policies\/privacy\/<\/a><\/p>\n<p>Para no ser rastreado por Google Analytics en todos los sitios web, visite <a href=\"http:\/\/tools.google.com\/dlpage\/gaoptout\" target=\"_blank\" rel=\"noopener noreferrer\">http:\/\/tools.google.com\/dlpage\/gaoptout<\/a><\/p>\n<p><strong>P\u00edxel de Facebook <\/strong><\/p>\n<p>Utilizamos los p\u00edxeles de Facebook (p\u00edxeles de audiencia personalizados) para registrar informaci\u00f3n sobre la forma en que los visitantes utilizan nuestro sitio web. Este p\u00edxel registra informaci\u00f3n sobre la sesi\u00f3n de navegaci\u00f3n de los usuarios, que env\u00eda a Facebook, junto con una versi\u00f3n an\u00f3nima del ID de Facebook y la URL vista. Esto nos permite dirigir nuestros anuncios de Facebook a audiencias de personas que han visitado nuestro sitio web.<\/p>\n<p>Para m\u00e1s informaci\u00f3n sobre el p\u00edxel de Facebook y la privacidad de sus datos, visite: <a href=\"https:\/\/www.facebook.com\/policies\/\" target=\"_blank\" rel=\"noopener noreferrer\">https:\/\/www.facebook.com\/policies\/<\/a><\/p>\n<p><strong>Compartir en las redes sociales<\/strong><\/p>\n<p>Nuestro sitio web tambi\u00e9n cuenta con botones para compartir en las redes sociales, por lo que puede darle a &#8220;me gusta&#8221; o &#8220;compartir&#8221; nuestro contenido en Facebook y Twitter. Las implicaciones para la privacidad var\u00edan de una red social a otra y dependen de la configuraci\u00f3n de privacidad que hayas elegido en ellas.<\/p>\n<p><strong>WordPress<\/strong><\/p>\n<p>Al iniciar sesi\u00f3n, WordPress utiliza la cookie wordpress_[hash] para almacenar sus datos de autenticaci\u00f3n. Su uso se limita a la zona de la consola de administraci\u00f3n, \/wp-admin\/<\/p>\n<p>Despu\u00e9s de iniciar la sesi\u00f3n, WordPress establece la galleta wordpress_logged_in_[hash], que indica cu\u00e1ndo ha iniciado la sesi\u00f3n y qui\u00e9n es, para la mayor\u00eda de los usos de la interfaz.<\/p>\n<p><a title=\"Galletas de WordPress\" href=\"http:\/\/codex.wordpress.org\/WordPress_Cookies\" target=\"_blank\" rel=\"noopener noreferrer\">WordPress<\/a> tambi\u00e9n establece unas galletas wp-settings-{time}-[UID]. El n\u00famero que aparece al final es su ID de usuario individual de la tabla de la base de datos de usuarios. Se utiliza para personalizar la vista de la interfaz de administraci\u00f3n, y posiblemente tambi\u00e9n la interfaz principal del sitio.<\/p>\n<p>Es posible que introduzcamos otros tipos de galletas de vez en cuando para mejorar su experiencia en el sitio web. Por ejemplo, podemos utilizar otras galletas de orientaci\u00f3n para registrar su visita a nuestra p\u00e1gina web, las p\u00e1ginas que ha visitado y los enlaces que ha seguido. Utilizaremos esta informaci\u00f3n para que nuestro sitio web y la publicidad que se muestre en \u00e9l sean m\u00e1s relevantes para sus intereses. Tambi\u00e9n podemos compartir esta informaci\u00f3n con terceros con este fin.<\/p>\n<p>En general, las galletas nos ayudan a ofrecerle un mejor sitio web al permitirnos controlar qu\u00e9 p\u00e1ginas y funciones le resultan \u00fatiles y cu\u00e1les no. Una galleta no nos da acceso a su ordenador ni a ninguna informaci\u00f3n sobre usted, salvo los datos que decida compartir con nosotros en nuestros formularios de contacto o \u00e1reas de comentarios de los clientes. Si no desea que estas galletas sean rastreadas, puede desactivarlas en su navegador, pero esto puede afectar negativamente a su experiencia en el sitio.<\/p>\n<h3>\u00bfQu\u00e9 significan las nuevas normas?<\/h3>\n<p>La normativa exige, en la mayor\u00eda de los casos, que los sitios web que quieran utilizar galletas obtengan su consentimiento. En la mayor\u00eda de los casos, el &#8220;consentimiento impl\u00edcito&#8221; se considera aceptable siempre que el propietario del sitio web tome todas las medidas razonables para garantizar que el usuario del p\u00e1gina web sea consciente de que se est\u00e1n instalando galletas y de c\u00f3mo desactivarlas.<\/p>\n<h3>\u00bfC\u00f3mo me afectar\u00e1n estas nuevas normas cuando utilice Internet?<\/h3>\n<p>A medida que las organizaciones empiecen a cumplir estas normas, es probable que empiece a ver m\u00e1s informaci\u00f3n sobre las galletas en las paginas web y que se le den m\u00e1s opciones sobre estas galletas. Esto puede incluir, por ejemplo, que se le pida que acepte el uso de una galleta para un servicio concreto, como recordar sus preferencias en un sitio.<\/p>\n<p>Las organizaciones tendr\u00e1n que decidir cu\u00e1l es la mejor manera de proporcionar informaci\u00f3n clara sobre las galleta y dar a los usuarios de sus sitios web las opciones adecuadas. Tambi\u00e9n querr\u00e1n asegurarse de que estos cambios no afecten negativamente a la experiencia de los usuarios de Internet. Esto deber\u00eda garantizar que encuentran una soluci\u00f3n que cumpla con los requisitos de una manera que funcione bien para su pagina y satisfaga las necesidades de las personas que lo utilizan.<\/p>\n<h3>\u00bfC\u00f3mo puedo controlar mis galletas?<\/h3>\n<p><strong>Controles del navegador<\/strong><\/p>\n<p>Puede utilizar su navegador web (por ejemplo, Internet Explorer) para:<\/p>\n<ul class=\"check-list\">\n<li>eliminar todas las galletas<\/li>\n<li>bloquear todas las galletas<\/li>\n<li>permitir todas las galletas<\/li>\n<li>bloquear las galletas de terceros<\/li>\n<li>borrar todas las galletas al cerrar el navegador<\/li>\n<li>abrir una sesi\u00f3n de &#8220;navegaci\u00f3n privada&#8221;<\/li>\n<li>instalar complementos y plug-ins para ampliar la funcionalidad del navegador<\/li>\n<\/ul>\n<h3>D\u00f3nde encontrar informaci\u00f3n sobre el control de las galletas<\/h3>\n<p>Haga clic en los siguientes enlaces para conocer cada navegador espec\u00edfico y su informaci\u00f3n sobre las galletas.<\/p>\n<ul class=\"check-list\">\n<li><a title=\"Configuraci\u00f3n de las galleta de Internet Explorer\" href=\"http:\/\/windows.microsoft.com\/en-gb\/internet-explorer\/delete-manage-cookies#ie=ie-11\" target=\"_blank\" rel=\"noopener noreferrer\">Internet Explorer<\/a><\/li>\n<li><a title=\"Configuraci\u00f3n de galleta de Google Chrome\" href=\"https:\/\/support.google.com\/chrome\/answer\/95647?hl=en-GB\" target=\"_blank\" rel=\"noopener noreferrer\">Google Chrome<\/a><\/li>\n<li><a title=\"Configuraci\u00f3n de las galleta de Mozilla Firefox\" href=\"http:\/\/support.mozilla.org\/en-US\/kb\/Clear%20Recent%20History\" target=\"_blank\" rel=\"noopener noreferrer\">Firefox<\/a><\/li>\n<li><a title=\"Configuraci\u00f3n de las galleta de Safari\" href=\"http:\/\/support.apple.com\/kb\/PH17191\" target=\"_blank\" rel=\"noopener noreferrer\">Safari<\/a><\/li>\n<li><a title=\"Configuraci\u00f3n de galleta de Opera\" href=\"http:\/\/www.opera.com\/browser\/tutorials\/security\/privacy\/\" target=\"_blank\" rel=\"noopener noreferrer\">\u00d3pera<\/a><\/li>\n<li><a href=\"https:\/\/privacy.microsoft.com\/en-US\/windows-10-microsoft-edge-and-privacy\" target=\"_blank\" rel=\"noopener noreferrer\">Edge<\/a><\/li>\n<\/ul>\n<h3>Informaci\u00f3n \u00fatil<\/h3>\n<ul class=\"check-list\">\n<li>VVarias paginas web ofrecen informaci\u00f3n detallada sobre las cookies, como <a title=\"Todo sobre las galletas\" href=\"http:\/\/www.allaboutcookies.org\/\" target=\"_blank\" rel=\"noopener noreferrer\">AllAboutCookies.org<\/a>.<\/li>\n<li>El sitio web de la Oficina de Publicidad en Internet Your Online Choices permite instalar galletas de exclusi\u00f3n en diferentes redes publicitarias.<\/li>\n<li>Google ha desarrollado un complemento para el navegador que permite a los usuarios excluirse de Google Analytics en todos las paginas web que utilizan este popular producto de an\u00e1lisis.<\/li>\n<li>Las nuevas tecnolog\u00edas, como Do Not Track de Mozilla, le permiten indicar a los sitios web que no le rastreen.<\/li>\n<li>Internet Explorer tiene una funci\u00f3n llamada Listas de Protecci\u00f3n de Seguimiento que le permite importar una lista de sitios web que desea bloquear.<\/li>\n<\/ul>\n[\/vc_column_text][\/vc_column][vc_column column_padding=&#8221;no-extra-padding&#8221; column_padding_position=&#8221;all&#8221; background_color_opacity=&#8221;1&#8243; background_hover_color_opacity=&#8221;1&#8243; column_link_target=&#8221;_self&#8221; column_shadow=&#8221;none&#8221; column_border_radius=&#8221;none&#8221; el_class=&#8221;sidebar&#8221; width=&#8221;1\/3&#8243; tablet_width_inherit=&#8221;default&#8221; tablet_text_alignment=&#8221;default&#8221; phone_text_alignment=&#8221;default&#8221; overlay_strength=&#8221;0.3&#8243; column_border_width=&#8221;none&#8221; column_border_style=&#8221;solid&#8221; bg_image_animation=&#8221;none&#8221;][vc_wp_custommenu title=&#8221;En esta secci\u00f3n&#8221; nav_menu=&#8221;11&#8243; el_class=&#8221;sidebar-menu&#8221;][\/vc_column][\/vc_row][vc_row type=&#8221;in_container&#8221; full_screen_row_position=&#8221;middle&#8221; column_margin=&#8221;default&#8221; scene_position=&#8221;center&#8221; text_color=&#8221;dark&#8221; text_align=&#8221;left&#8221; class=&#8221;nomargin&#8221; overlay_strength=&#8221;0.3&#8243; shape_divider_position=&#8221;bottom&#8221; bg_image_animation=&#8221;none&#8221; shape_type=&#8221;&#8221;][vc_column column_padding=&#8221;no-extra-padding&#8221; column_padding_position=&#8221;all&#8221; background_color_opacity=&#8221;1&#8243; background_hover_color_opacity=&#8221;1&#8243; column_link_target=&#8221;_self&#8221; column_shadow=&#8221;none&#8221; column_border_radius=&#8221;none&#8221; width=&#8221;1\/1&#8243; tablet_width_inherit=&#8221;default&#8221; tablet_text_alignment=&#8221;default&#8221; phone_text_alignment=&#8221;default&#8221; overlay_strength=&#8221;0.3&#8243; column_border_width=&#8221;none&#8221; column_border_style=&#8221;solid&#8221; bg_image_animation=&#8221;none&#8221;][\/vc_column][\/vc_row]\n","protected":false},"excerpt":{"rendered":"POL\u00cdTICA DE GALLETA &nbsp; \u00daltima actualizaci\u00f3n: Diciembre 2021 Faster Processing Limited respeta su privacidad. Aqu\u00ed est\u00e1 todo lo que necesita saber sobre la informaci\u00f3n que recogemos y c\u00f3mo la almacenamos...","protected":false},"author":22,"featured_media":0,"parent":0,"menu_order":19,"comment_status":"closed","ping_status":"closed","template":"","meta":{"_acf_changed":false,"footnotes":""},"class_list":["post-2553","page","type-page","status-publish"],"acf":[],"yoast_head":"<!-- This site is optimized with the Yoast SEO plugin v26.8 - https:\/\/yoast.com\/product\/yoast-seo-wordpress\/ -->\n<title>Pol\u00edtica de galleta - Faster Processing Limited | Tapeeno<\/title>\n<meta name=\"description\" content=\"Aqu\u00ed est\u00e1 todo lo que necesita saber sobre la informaci\u00f3n que recogemos y c\u00f3mo la almacenamos y procesamos.\" \/>\n<meta name=\"robots\" content=\"index, follow, max-snippet:-1, max-image-preview:large, max-video-preview:-1\" \/>\n<link rel=\"canonical\" href=\"https:\/\/tapeeno.com\/es\/politica-de-galleta\/\" \/>\n<meta property=\"og:type\" content=\"article\" \/>\n<meta property=\"og:title\" content=\"Pol\u00edtica de galleta - Faster Processing Limited | Tapeeno\" \/>\n<meta property=\"og:description\" content=\"Aqu\u00ed est\u00e1 todo lo que necesita saber sobre la informaci\u00f3n que recogemos y c\u00f3mo la almacenamos y procesamos.\" \/>\n<meta property=\"og:url\" content=\"https:\/\/tapeeno.com\/es\/politica-de-galleta\/\" \/>\n<meta property=\"og:site_name\" content=\"tapeeno\" \/>\n<meta property=\"article:publisher\" content=\"https:\/\/www.facebook.com\/tapeeno\" \/>\n<meta property=\"article:modified_time\" content=\"2025-06-17T09:57:09+00:00\" \/>\n<meta property=\"og:image\" content=\"https:\/\/tapeeno.wpengine.com\/wp-content\/uploads\/2020\/05\/utp-og.jpg\" \/>\n<meta name=\"twitter:card\" content=\"summary_large_image\" \/>\n<meta name=\"twitter:image\" content=\"https:\/\/tapeeno.wpengine.com\/wp-content\/uploads\/2020\/05\/utp-og.jpg\" \/>\n<meta name=\"twitter:label1\" content=\"Tiempo de lectura\" \/>\n\t<meta name=\"twitter:data1\" content=\"7 minutos\" \/>\n<!-- \/ Yoast SEO plugin. -->","yoast_head_json":{"title":"Pol\u00edtica de galleta - Faster Processing Limited | Tapeeno","description":"Aqu\u00ed est\u00e1 todo lo que necesita saber sobre la informaci\u00f3n que recogemos y c\u00f3mo la almacenamos y procesamos.","robots":{"index":"index","follow":"follow","max-snippet":"max-snippet:-1","max-image-preview":"max-image-preview:large","max-video-preview":"max-video-preview:-1"},"canonical":"https:\/\/tapeeno.com\/es\/politica-de-galleta\/","og_type":"article","og_title":"Pol\u00edtica de galleta - Faster Processing Limited | Tapeeno","og_description":"Aqu\u00ed est\u00e1 todo lo que necesita saber sobre la informaci\u00f3n que recogemos y c\u00f3mo la almacenamos y procesamos.","og_url":"https:\/\/tapeeno.com\/es\/politica-de-galleta\/","og_site_name":"tapeeno","article_publisher":"https:\/\/www.facebook.com\/tapeeno","article_modified_time":"2025-06-17T09:57:09+00:00","og_image":[{"url":"https:\/\/tapeeno.wpengine.com\/wp-content\/uploads\/2020\/05\/utp-og.jpg","type":"","width":"","height":""}],"twitter_card":"summary_large_image","twitter_image":"https:\/\/tapeeno.wpengine.com\/wp-content\/uploads\/2020\/05\/utp-og.jpg","twitter_misc":{"Tiempo de lectura":"7 minutos"},"schema":{"@context":"https:\/\/schema.org","@graph":[{"@type":"WebPage","@id":"https:\/\/tapeeno.com\/es\/politica-de-galleta\/","url":"https:\/\/tapeeno.com\/es\/politica-de-galleta\/","name":"Pol\u00edtica de galleta - Faster Processing Limited | Tapeeno","isPartOf":{"@id":"https:\/\/tapeeno.com\/es\/#website"},"datePublished":"2020-02-28T18:17:35+00:00","dateModified":"2025-06-17T09:57:09+00:00","description":"Aqu\u00ed est\u00e1 todo lo que necesita saber sobre la informaci\u00f3n que recogemos y c\u00f3mo la almacenamos y procesamos.","breadcrumb":{"@id":"https:\/\/tapeeno.com\/es\/politica-de-galleta\/#breadcrumb"},"inLanguage":"es","potentialAction":[{"@type":"ReadAction","target":["https:\/\/tapeeno.com\/es\/politica-de-galleta\/"]}]},{"@type":"BreadcrumbList","@id":"https:\/\/tapeeno.com\/es\/politica-de-galleta\/#breadcrumb","itemListElement":[{"@type":"ListItem","position":1,"name":"Home","item":"https:\/\/tapeeno.com\/es\/"},{"@type":"ListItem","position":2,"name":"Pol\u00edtica de galleta"}]},{"@type":"WebSite","@id":"https:\/\/tapeeno.com\/es\/#website","url":"https:\/\/tapeeno.com\/es\/","name":"tapeeno","description":"tapeeno card payments on your phone","publisher":{"@id":"https:\/\/tapeeno.com\/es\/#organization"},"potentialAction":[{"@type":"SearchAction","target":{"@type":"EntryPoint","urlTemplate":"https:\/\/tapeeno.com\/es\/?s={search_term_string}"},"query-input":{"@type":"PropertyValueSpecification","valueRequired":true,"valueName":"search_term_string"}}],"inLanguage":"es"},{"@type":"Organization","@id":"https:\/\/tapeeno.com\/es\/#organization","name":"Faster Processing Limited","url":"https:\/\/tapeeno.com\/es\/","logo":{"@type":"ImageObject","inLanguage":"es","@id":"https:\/\/tapeeno.com\/es\/#\/schema\/logo\/image\/","url":"https:\/\/tapeeno.com\/wp-content\/uploads\/2022\/05\/Tapeeno_Logo_Stacked_Final_RGB_Email_Sig.jpg","contentUrl":"https:\/\/tapeeno.com\/wp-content\/uploads\/2022\/05\/Tapeeno_Logo_Stacked_Final_RGB_Email_Sig.jpg","width":175,"height":123,"caption":"Faster Processing Limited"},"image":{"@id":"https:\/\/tapeeno.com\/es\/#\/schema\/logo\/image\/"},"sameAs":["https:\/\/www.facebook.com\/tapeeno","https:\/\/www.linkedin.com\/company\/tapeeno","https:\/\/www.youtube.com\/@tapeeno","https:\/\/www.instagram.com\/tapeeno.app"]}]}},"_links":{"self":[{"href":"https:\/\/tapeeno.com\/es\/wp-json\/wp\/v2\/pages\/2553","targetHints":{"allow":["GET"]}}],"collection":[{"href":"https:\/\/tapeeno.com\/es\/wp-json\/wp\/v2\/pages"}],"about":[{"href":"https:\/\/tapeeno.com\/es\/wp-json\/wp\/v2\/types\/page"}],"author":[{"embeddable":true,"href":"https:\/\/tapeeno.com\/es\/wp-json\/wp\/v2\/users\/22"}],"replies":[{"embeddable":true,"href":"https:\/\/tapeeno.com\/es\/wp-json\/wp\/v2\/comments?post=2553"}],"version-history":[{"count":0,"href":"https:\/\/tapeeno.com\/es\/wp-json\/wp\/v2\/pages\/2553\/revisions"}],"wp:attachment":[{"href":"https:\/\/tapeeno.com\/es\/wp-json\/wp\/v2\/media?parent=2553"}],"curies":[{"name":"wp","href":"https:\/\/api.w.org\/{rel}","templated":true}]}}