{"id":2930,"date":"2020-02-28T18:17:16","date_gmt":"2020-02-28T18:17:16","guid":{"rendered":"https:\/\/tapeeno.com\/politica-de-privacidad\/"},"modified":"2025-06-17T10:56:55","modified_gmt":"2025-06-17T09:56:55","slug":"politica-de-privacidad","status":"publish","type":"page","link":"https:\/\/tapeeno.com\/es\/politica-de-privacidad\/","title":{"rendered":"Pol\u00edtica de privacidad"},"content":{"rendered":"[vc_row type=&#8221;full_width_background&#8221; full_screen_row_position=&#8221;middle&#8221; column_margin=&#8221;default&#8221; bg_image=&#8221;369&#8243; bg_position=&#8221;center center&#8221; bg_repeat=&#8221;no-repeat&#8221; scene_position=&#8221;center&#8221; text_color=&#8221;light&#8221; text_align=&#8221;left&#8221; top_padding=&#8221;125&#8243; bottom_padding=&#8221;125&#8243; id=&#8221;page-header-curved&#8221; disable_element=&#8221;yes&#8221; color_overlay=&#8221;#000000&#8243; overlay_strength=&#8221;0.3&#8243; shape_divider_position=&#8221;bottom&#8221; bg_image_animation=&#8221;none&#8221; shape_type=&#8221;waves_opacity_alt&#8221;][vc_column column_padding=&#8221;no-extra-padding&#8221; column_padding_position=&#8221;all&#8221; background_color_opacity=&#8221;1&#8243; background_hover_color_opacity=&#8221;1&#8243; column_link_target=&#8221;_self&#8221; column_shadow=&#8221;none&#8221; column_border_radius=&#8221;none&#8221; width=&#8221;1\/1&#8243; tablet_width_inherit=&#8221;default&#8221; tablet_text_alignment=&#8221;default&#8221; phone_text_alignment=&#8221;default&#8221; overlay_strength=&#8221;0.3&#8243; column_border_width=&#8221;none&#8221; column_border_style=&#8221;solid&#8221; bg_image_animation=&#8221;none&#8221;][\/vc_column][\/vc_row][vc_row type=&#8221;full_width_background&#8221; full_screen_row_position=&#8221;middle&#8221; column_margin=&#8221;default&#8221; bg_color=&#8221;#ffffff&#8221; scene_position=&#8221;center&#8221; text_color=&#8221;dark&#8221; text_align=&#8221;left&#8221; top_padding=&#8221;50&#8243; bottom_padding=&#8221;50&#8243; id=&#8221;page-intro&#8221; overlay_strength=&#8221;0.3&#8243; shape_divider_position=&#8221;bottom&#8221; bg_image_animation=&#8221;none&#8221; shape_type=&#8221;&#8221;][vc_column column_padding=&#8221;no-extra-padding&#8221; column_padding_position=&#8221;all&#8221; background_color_opacity=&#8221;1&#8243; background_hover_color_opacity=&#8221;1&#8243; column_link_target=&#8221;_self&#8221; column_shadow=&#8221;none&#8221; column_border_radius=&#8221;none&#8221; width=&#8221;2\/3&#8243; tablet_width_inherit=&#8221;default&#8221; tablet_text_alignment=&#8221;default&#8221; phone_text_alignment=&#8221;default&#8221; overlay_strength=&#8221;0.3&#8243; column_border_width=&#8221;none&#8221; column_border_style=&#8221;solid&#8221; bg_image_animation=&#8221;none&#8221;][vc_column_text css_animation=&#8221;none&#8221;]\n<h1><span style=\"color: #ec3f59;\"><strong>POL\u00cdTICA DE PRIVACIDAD<\/strong><\/span><\/h1>\n<p>&nbsp;<\/p>\n<p>\u00daltima actualizaci\u00f3n: Diciembre 2021<\/p>\n<p>Esta pol\u00edtica de privacidad describe c\u00f3mo Faster Processing Limited (&#8220;FPL&#8221;) se compromete a garantizar la privacidad y seguridad de sus datos personales y c\u00f3mo FPL act\u00faa como controlador de datos. En esta Pol\u00edtica de Privacidad, cuando nos referimos a &#8220;datos personales&#8221;, nos referimos a la informaci\u00f3n que podr\u00eda identificarle directamente (por ejemplo, su nombre o n\u00famero de seguro nacional) y a la informaci\u00f3n que podr\u00eda identificarle indirectamente, lo que significa que podr\u00eda identificarle cuando se combina con otra informaci\u00f3n que tenemos sobre usted (por ejemplo, su sexo o fecha de nacimiento). &#8220;Procesar&#8221; significa pr\u00e1cticamente cualquier uso concebible de los datos personales, incluido el registro, el almacenamiento, la visualizaci\u00f3n o la divulgaci\u00f3n de los datos personales.<\/p>\n<h3>\u00bfA qui\u00e9n se aplica esta pol\u00edtica de privacidad?<\/h3>\n<p>Esta Pol\u00edtica de Privacidad se aplica tanto a las personas y empresas que son clientes de FPL como a cualquier otra persona o empresa que tenga alguna interacci\u00f3n con FPL (incluyendo, por ejemplo, proveedores, socios y empleados, clientes potenciales y antiguos clientes).<\/p>\n<h3>Nuestra base legal para el procesamiento de sus datos<\/h3>\n<p>FPL trata los datos personales en el marco de sus intereses comerciales leg\u00edtimos.<\/p>\n<h3>C\u00f3mo recogemos sus datos personales<\/h3>\n<p>Informaci\u00f3n proporcionada por usted; recogemos sus datos personales para ofrecerle la mejor experiencia posible como usuario de nuestros productos y servicios. En general, recopilamos informaci\u00f3n sobre usted cuando abre una cuenta, visita nuestro sitio web (consulte la secci\u00f3n siguiente relativa a las galletas) o se pone en contacto con nosotros para realizar una consulta. Esto abarca todos los canales de comunicaci\u00f3n con nosotros, incluidos el tel\u00e9fono, el correo electr\u00f3nico, el p\u00e1gina web, las redes sociales y en persona.<\/p>\n<p>Se ha llevado a cabo una revisi\u00f3n completa de los datos que recogemos. Toda la informaci\u00f3n que se conserva sobre un empleado, cliente, proveedor o cualquier otra parte interesada tiene una raz\u00f3n leg\u00edtima para su uso y se obtiene para cumplir nuestro compromiso contractual con usted y cualquier otra obligaci\u00f3n legal.<\/p>\n<h3>\u00bfD\u00f3nde se almacenan sus datos personales?<\/h3>\n<p>FPL tiene su sede en el Espacio Econ\u00f3mico Europeo. Sin embargo, es posible que tengamos que compartir datos personales con terceros ubicados fuera del EEE o procesar sus datos nosotros mismos fuera del EEE en pa\u00edses. Sus datos personales pueden ser procesados por personal que opera fuera del EEE y que trabaja para nosotros, otros miembros de nuestro grupo o terceros procesadores de datos para los fines establecidos en esta Pol\u00edtica de Privacidad. Cuando enviemos datos personales fuera del EEE, nos aseguraremos de que existan las garant\u00edas adecuadas para proteger sus datos de acuerdo con los requisitos europeos de protecci\u00f3n de datos, como el Reglamento General de Protecci\u00f3n de Datos (RGPD).<\/p>\n<h3>Seguridad<\/h3>\n<p>FPL ha aplicado las medidas t\u00e9cnicas y organizativas adecuadas para proteger la confidencialidad de los datos personales que usted nos conf\u00eda. Actualizamos y probamos nuestros controles de seguridad f\u00edsicos, l\u00f3gicos y de procedimiento de forma continua. Esto incluye limitar el acceso a sus datos personales a quienes lo necesitan y formar a nuestros empleados sobre la importancia de mantener la privacidad y seguridad de sus datos personales.<\/p>\n<h3>Uso de galletas<\/h3>\n<p>Las galletas son peque\u00f1os archivos que un sitio o proveedor de servicios transfiere al disco duro de su ordenador a trav\u00e9s de su navegador web (si usted lo permite) y que permiten a los sistemas del sitio o del proveedor de servicios reconocer su navegador y capturar y recordar cierta informaci\u00f3n. Tambi\u00e9n se utilizan para ayudarnos a entender sus preferencias basadas en la actividad anterior o actual del sitio, lo que nos permite ofrecerle servicios mejorados. Tambi\u00e9n utilizamos galletas para ayudarnos a recopilar datos agregados sobre el tr\u00e1fico del sitio y la interacci\u00f3n con el mismo para poder ofrecer mejores experiencias y herramientas en el futuro. Estos proveedores de servicios no est\u00e1n autorizados a utilizar la informaci\u00f3n recopilada en nuestro nombre, excepto para ayudarnos a realizar y mejorar nuestra actividad.<\/p>\n<h3>\u00bfCu\u00e1nto tiempo conservamos esta informaci\u00f3n?<\/h3>\n<p>S\u00f3lo almacenaremos sus datos personales durante el tiempo que sea necesario para cumplir con los fines descritos en esta Pol\u00edtica de Privacidad o durante el tiempo que consideremos razonablemente necesario para establecer, ejercer o defender nuestros derechos legales. Sus datos se conservar\u00e1n de acuerdo con los requisitos legales y reglamentarios. Los criterios utilizados para determinar estos per\u00edodos de conservaci\u00f3n incluyen:<\/p>\n<ul>\n<li>Cumplir con los periodos legales de conservaci\u00f3n de los registros contables, tal y como establece la Ley de Sociedades y HM Revenue &amp; Customs (HMRC).<\/li>\n<li>Cumplir con los periodos de conservaci\u00f3n establecidos por la Agencia de Prevenci\u00f3n del Fraude TRAS.<\/li>\n<li>En los casos en los que nuestros periodos de conservaci\u00f3n no se rigen por la legislaci\u00f3n, nuestra pol\u00edtica de conservaci\u00f3n se basa en justificaciones comerciales, que se han establecido de acuerdo con el principio de conservar los datos personales durante no m\u00e1s tiempo del necesario para los fines para los que se tratan. \u00c9stos incluyen:\n<ul>\n<li>Para cumplir con las obligaciones de nuestros clientes, proveedores y socios;<\/li>\n<li>Para poder ofrecerle nuestros productos y servicios;<\/li>\n<li>Para permitirnos resolver cualquier disputa o queja;<\/li>\n<li>Para la detecci\u00f3n y prevenci\u00f3n del fraude.<\/li>\n<\/ul>\n<\/li>\n<\/ul>\n<h3>Cambios en la pol\u00edtica de privacidad<\/h3>\n<p>Esta pol\u00edtica de privacidad no forma parte de ning\u00fan contrato con clientes, empleados, proveedores o cualquier otro contrato con nosotros y podemos modificarla de vez en cuando. Cualquier cambio que hagamos en nuestra pol\u00edtica de privacidad en el futuro se publicar\u00e1 en nuestro sitio web (universaltp.wpengine.com) y, en su caso, se le notificar\u00e1 por correo electr\u00f3nico.<\/p>\n<h3>Uso del p\u00e1gina web de la FPL<\/h3>\n<p>Al utilizar el sitio web de FPL, usted acepta nuestra pol\u00edtica de privacidad.<\/p>\n<h3>Como contactar con nosotros<\/h3>\n<p>Si tiene alguna pregunta sobre sus datos personales a la que no responda esta pol\u00edtica, p\u00f3ngase en contacto con nuestro responsable de protecci\u00f3n de datos en la siguiente direcci\u00f3n<\/p>\n<p>The Data Protection Officer, Faster Processing Limited, Sapphire Plaza, Watlington Street, Reading, Berks, RG1 4RE<\/p>\n<p>O por correo electr\u00f3nico:<\/p>\n<p><a href=\"mailto:gdpr@fasterprocessing.com\">gdpr@fasterprocessing.com<\/a><\/p>\n<p>FPL investigar\u00e1 e intentar\u00e1 resolver las quejas y disputas relacionadas con el uso de los datos personales haciendo referencia a las pol\u00edticas de privacidad indicadas en esta pol\u00edtica.[\/vc_column_text][\/vc_column][vc_column column_padding=&#8221;no-extra-padding&#8221; column_padding_position=&#8221;all&#8221; background_color_opacity=&#8221;1&#8243; background_hover_color_opacity=&#8221;1&#8243; column_link_target=&#8221;_self&#8221; column_shadow=&#8221;none&#8221; column_border_radius=&#8221;none&#8221; el_class=&#8221;sidebar&#8221; width=&#8221;1\/3&#8243; tablet_width_inherit=&#8221;default&#8221; tablet_text_alignment=&#8221;default&#8221; phone_text_alignment=&#8221;default&#8221; overlay_strength=&#8221;0.3&#8243; column_border_width=&#8221;none&#8221; column_border_style=&#8221;solid&#8221; bg_image_animation=&#8221;none&#8221;][vc_wp_custommenu title=&#8221;En esta secci\u00f3n&#8221; nav_menu=&#8221;11&#8243; el_class=&#8221;sidebar-menu&#8221;][\/vc_column][\/vc_row][vc_row type=&#8221;in_container&#8221; full_screen_row_position=&#8221;middle&#8221; column_margin=&#8221;default&#8221; scene_position=&#8221;center&#8221; text_color=&#8221;dark&#8221; text_align=&#8221;left&#8221; class=&#8221;nomargin&#8221; overlay_strength=&#8221;0.3&#8243; shape_divider_position=&#8221;bottom&#8221; bg_image_animation=&#8221;none&#8221; shape_type=&#8221;&#8221;][vc_column column_padding=&#8221;no-extra-padding&#8221; column_padding_position=&#8221;all&#8221; background_color_opacity=&#8221;1&#8243; background_hover_color_opacity=&#8221;1&#8243; column_link_target=&#8221;_self&#8221; column_shadow=&#8221;none&#8221; column_border_radius=&#8221;none&#8221; width=&#8221;1\/1&#8243; tablet_width_inherit=&#8221;default&#8221; tablet_text_alignment=&#8221;default&#8221; phone_text_alignment=&#8221;default&#8221; overlay_strength=&#8221;0.3&#8243; column_border_width=&#8221;none&#8221; column_border_style=&#8221;solid&#8221; bg_image_animation=&#8221;none&#8221;][\/vc_column][\/vc_row]\n","protected":false},"excerpt":{"rendered":"POL\u00cdTICA DE PRIVACIDAD &nbsp; \u00daltima actualizaci\u00f3n: Diciembre 2021 Esta pol\u00edtica de privacidad describe c\u00f3mo Faster Processing Limited (\"FPL\") se compromete a garantizar la privacidad y seguridad de sus datos personales...","protected":false},"author":22,"featured_media":0,"parent":0,"menu_order":18,"comment_status":"closed","ping_status":"closed","template":"","meta":{"_acf_changed":false,"footnotes":""},"class_list":["post-2930","page","type-page","status-publish"],"acf":[],"yoast_head":"<!-- This site is optimized with the Yoast SEO plugin v26.8 - https:\/\/yoast.com\/product\/yoast-seo-wordpress\/ -->\n<title>Pol\u00edtica de privacidad - Faster Processing Limited | Tapeeno<\/title>\n<meta name=\"description\" content=\"Lea nuestra pol\u00edtica de privacidad para garantizar la privacidad y seguridad de sus datos personales cuando utilice el sitio web de tapeeno.\" \/>\n<meta name=\"robots\" content=\"index, follow, max-snippet:-1, max-image-preview:large, max-video-preview:-1\" \/>\n<link rel=\"canonical\" href=\"https:\/\/tapeeno.com\/es\/politica-de-privacidad\/\" \/>\n<meta property=\"og:type\" content=\"article\" \/>\n<meta property=\"og:title\" content=\"Pol\u00edtica de privacidad - Faster Processing Limited | Tapeeno\" \/>\n<meta property=\"og:description\" content=\"Lea nuestra pol\u00edtica de privacidad para garantizar la privacidad y seguridad de sus datos personales cuando utilice el sitio web de tapeeno.\" \/>\n<meta property=\"og:url\" content=\"https:\/\/tapeeno.com\/es\/politica-de-privacidad\/\" \/>\n<meta property=\"og:site_name\" content=\"tapeeno\" \/>\n<meta property=\"article:publisher\" content=\"https:\/\/www.facebook.com\/tapeeno\" \/>\n<meta property=\"article:modified_time\" content=\"2025-06-17T09:56:55+00:00\" \/>\n<meta property=\"og:image\" content=\"https:\/\/tapeeno.wpengine.com\/wp-content\/uploads\/2020\/05\/utp-og.jpg\" \/>\n<meta name=\"twitter:card\" content=\"summary_large_image\" \/>\n<meta name=\"twitter:image\" content=\"https:\/\/tapeeno.wpengine.com\/wp-content\/uploads\/2020\/05\/utp-og.jpg\" \/>\n<meta name=\"twitter:label1\" content=\"Tiempo de lectura\" \/>\n\t<meta name=\"twitter:data1\" content=\"5 minutos\" \/>\n<!-- \/ Yoast SEO plugin. -->","yoast_head_json":{"title":"Pol\u00edtica de privacidad - Faster Processing Limited | Tapeeno","description":"Lea nuestra pol\u00edtica de privacidad para garantizar la privacidad y seguridad de sus datos personales cuando utilice el sitio web de tapeeno.","robots":{"index":"index","follow":"follow","max-snippet":"max-snippet:-1","max-image-preview":"max-image-preview:large","max-video-preview":"max-video-preview:-1"},"canonical":"https:\/\/tapeeno.com\/es\/politica-de-privacidad\/","og_type":"article","og_title":"Pol\u00edtica de privacidad - Faster Processing Limited | Tapeeno","og_description":"Lea nuestra pol\u00edtica de privacidad para garantizar la privacidad y seguridad de sus datos personales cuando utilice el sitio web de tapeeno.","og_url":"https:\/\/tapeeno.com\/es\/politica-de-privacidad\/","og_site_name":"tapeeno","article_publisher":"https:\/\/www.facebook.com\/tapeeno","article_modified_time":"2025-06-17T09:56:55+00:00","og_image":[{"url":"https:\/\/tapeeno.wpengine.com\/wp-content\/uploads\/2020\/05\/utp-og.jpg","type":"","width":"","height":""}],"twitter_card":"summary_large_image","twitter_image":"https:\/\/tapeeno.wpengine.com\/wp-content\/uploads\/2020\/05\/utp-og.jpg","twitter_misc":{"Tiempo de lectura":"5 minutos"},"schema":{"@context":"https:\/\/schema.org","@graph":[{"@type":"WebPage","@id":"https:\/\/tapeeno.com\/es\/politica-de-privacidad\/","url":"https:\/\/tapeeno.com\/es\/politica-de-privacidad\/","name":"Pol\u00edtica de privacidad - Faster Processing Limited | Tapeeno","isPartOf":{"@id":"https:\/\/tapeeno.com\/es\/#website"},"datePublished":"2020-02-28T18:17:16+00:00","dateModified":"2025-06-17T09:56:55+00:00","description":"Lea nuestra pol\u00edtica de privacidad para garantizar la privacidad y seguridad de sus datos personales cuando utilice el sitio web de tapeeno.","breadcrumb":{"@id":"https:\/\/tapeeno.com\/es\/politica-de-privacidad\/#breadcrumb"},"inLanguage":"es","potentialAction":[{"@type":"ReadAction","target":["https:\/\/tapeeno.com\/es\/politica-de-privacidad\/"]}]},{"@type":"BreadcrumbList","@id":"https:\/\/tapeeno.com\/es\/politica-de-privacidad\/#breadcrumb","itemListElement":[{"@type":"ListItem","position":1,"name":"Home","item":"https:\/\/tapeeno.com\/es\/"},{"@type":"ListItem","position":2,"name":"Pol\u00edtica de privacidad"}]},{"@type":"WebSite","@id":"https:\/\/tapeeno.com\/es\/#website","url":"https:\/\/tapeeno.com\/es\/","name":"tapeeno","description":"tapeeno card payments on your phone","publisher":{"@id":"https:\/\/tapeeno.com\/es\/#organization"},"potentialAction":[{"@type":"SearchAction","target":{"@type":"EntryPoint","urlTemplate":"https:\/\/tapeeno.com\/es\/?s={search_term_string}"},"query-input":{"@type":"PropertyValueSpecification","valueRequired":true,"valueName":"search_term_string"}}],"inLanguage":"es"},{"@type":"Organization","@id":"https:\/\/tapeeno.com\/es\/#organization","name":"Faster Processing Limited","url":"https:\/\/tapeeno.com\/es\/","logo":{"@type":"ImageObject","inLanguage":"es","@id":"https:\/\/tapeeno.com\/es\/#\/schema\/logo\/image\/","url":"https:\/\/tapeeno.com\/wp-content\/uploads\/2022\/05\/Tapeeno_Logo_Stacked_Final_RGB_Email_Sig.jpg","contentUrl":"https:\/\/tapeeno.com\/wp-content\/uploads\/2022\/05\/Tapeeno_Logo_Stacked_Final_RGB_Email_Sig.jpg","width":175,"height":123,"caption":"Faster Processing Limited"},"image":{"@id":"https:\/\/tapeeno.com\/es\/#\/schema\/logo\/image\/"},"sameAs":["https:\/\/www.facebook.com\/tapeeno","https:\/\/www.linkedin.com\/company\/tapeeno","https:\/\/www.youtube.com\/@tapeeno","https:\/\/www.instagram.com\/tapeeno.app"]}]}},"_links":{"self":[{"href":"https:\/\/tapeeno.com\/es\/wp-json\/wp\/v2\/pages\/2930","targetHints":{"allow":["GET"]}}],"collection":[{"href":"https:\/\/tapeeno.com\/es\/wp-json\/wp\/v2\/pages"}],"about":[{"href":"https:\/\/tapeeno.com\/es\/wp-json\/wp\/v2\/types\/page"}],"author":[{"embeddable":true,"href":"https:\/\/tapeeno.com\/es\/wp-json\/wp\/v2\/users\/22"}],"replies":[{"embeddable":true,"href":"https:\/\/tapeeno.com\/es\/wp-json\/wp\/v2\/comments?post=2930"}],"version-history":[{"count":0,"href":"https:\/\/tapeeno.com\/es\/wp-json\/wp\/v2\/pages\/2930\/revisions"}],"wp:attachment":[{"href":"https:\/\/tapeeno.com\/es\/wp-json\/wp\/v2\/media?parent=2930"}],"curies":[{"name":"wp","href":"https:\/\/api.w.org\/{rel}","templated":true}]}}